{"id":5012,"date":"2024-10-03T12:46:32","date_gmt":"2024-10-03T16:46:32","guid":{"rendered":"https:\/\/revolvetech.com\/impression-du-site-web\/"},"modified":"2025-01-24T11:24:33","modified_gmt":"2025-01-24T16:24:33","slug":"impression-du-site-web","status":"publish","type":"page","link":"https:\/\/revolvetech.com\/fr\/impression-du-site-web\/","title":{"rendered":"Impression du site web"},"content":{"rendered":"\t\t<div data-elementor-type=\"wp-page\" data-elementor-id=\"5012\" class=\"elementor elementor-5012 elementor-4824\" data-elementor-post-type=\"page\">\n\t\t\t\t\t\t<section class=\"elementor-section elementor-top-section elementor-element elementor-element-a41ab8e elementor-section-full_width elementor-section-height-min-height elementor-section-height-default elementor-section-items-middle\" data-id=\"a41ab8e\" data-element_type=\"section\" data-e-type=\"section\">\n\t\t\t\t\t\t\t<div class=\"elementor-background-overlay\"><\/div>\n\t\t\t\t\t\t\t<div class=\"elementor-container elementor-column-gap-default\">\n\t\t\t\t\t<div class=\"elementor-column elementor-col-100 elementor-top-column elementor-element elementor-element-2b38bfb\" data-id=\"2b38bfb\" data-element_type=\"column\" data-e-type=\"column\">\n\t\t\t<div class=\"elementor-widget-wrap\">\n\t\t\t\t\t\t\t<\/div>\n\t\t<\/div>\n\t\t\t\t\t<\/div>\n\t\t<\/section>\n\t\t\t\t<section class=\"elementor-section elementor-top-section elementor-element elementor-element-8ae7c8a elementor-section-boxed elementor-section-height-default elementor-section-height-default\" data-id=\"8ae7c8a\" data-element_type=\"section\" data-e-type=\"section\">\n\t\t\t\t\t\t<div class=\"elementor-container elementor-column-gap-default\">\n\t\t\t\t\t<div class=\"elementor-column elementor-col-100 elementor-top-column elementor-element elementor-element-787a100\" data-id=\"787a100\" data-element_type=\"column\" data-e-type=\"column\">\n\t\t\t<div class=\"elementor-widget-wrap elementor-element-populated\">\n\t\t\t\t\t\t<div class=\"elementor-element elementor-element-3d22136 elementor-widget elementor-widget-heading\" data-id=\"3d22136\" data-element_type=\"widget\" data-e-type=\"widget\" data-widget_type=\"heading.default\">\n\t\t\t\t<div class=\"elementor-widget-container\">\n\t\t\t\t\t<h2 class=\"elementor-heading-title elementor-size-default\">Impression du site web<\/h2>\t\t\t\t<\/div>\n\t\t\t\t<\/div>\n\t\t\t\t<div class=\"elementor-element elementor-element-2ca6ef4 elementor-widget elementor-widget-shortcode\" data-id=\"2ca6ef4\" data-element_type=\"widget\" data-e-type=\"widget\" data-widget_type=\"shortcode.default\">\n\t\t\t\t<div class=\"elementor-widget-container\">\n\t\t\t\t\t\t\t<div class=\"elementor-shortcode\">\n<!-- Legal document generated by Complianz | GDPR\/CCPA Cookie Consent https:\/\/wordpress.org\/plugins\/complianz-gdpr -->\n<div id=\"cmplz-document\" class=\"cmplz-document impressum cmplz-document-all\"><p><i>Cette imprint a \u00e9t\u00e9 mise \u00e0 jour pour la derni\u00e8re fois le 26 avril 2026.<\/i><\/p><p class=\"cmplz-subtitle\">Le propri\u00e9taire de ce site web est\u00a0:<\/p><p>Revolve Technologies Inc. Incorporated<br>1250 Ren\u00e9-L\u00e9vesque Ouest, Suite 2200<br \/>\nMontr\u00e9al, Qu\u00e9bec<br \/>\nCanada H3B 4W8<br>Canada<br>E-mail\u00a0:&nbsp;<span class=\"cmplz-obfuscate\">in&#102;o@<span class=\"cmplz-fmail-domain\">&#101;x&#046;co&#109;<\/span>&#114;&#101;v&#111;&#108;vetec&#104;.c&#111;&#109;<\/span><br>Num\u00e9ro de t\u00e9l\u00e9phone\u00a0: 1-888-744-3446<br><\/p><p class=\"cmplz-subtitle\">Le(s) repr\u00e9sentant(s) l\u00e9gal(aux) de Revolve Technologies Inc. Incorporated\u00a0:<\/p><p>Philip Passudetti<\/p><h2>1. G\u00e9n\u00e9ral<\/h2><p>Nous ne sommes ni dispos\u00e9s ni oblig\u00e9s de participer \u00e0 des proc\u00e9dures de r\u00e8glement des litiges devant une commission d\u2019arbitrage des consommateurs.<\/p><\/div><\/div>\n\t\t\t\t\t\t<\/div>\n\t\t\t\t<\/div>\n\t\t\t\t\t<\/div>\n\t\t<\/div>\n\t\t\t\t\t<\/div>\n\t\t<\/section>\n\t\t\t\t<\/div>\n\t\t","protected":false},"excerpt":{"rendered":"<p>Impression du site web<\/p>\n","protected":false},"author":6,"featured_media":0,"parent":0,"menu_order":0,"comment_status":"closed","ping_status":"closed","template":"","meta":{"site-sidebar-layout":"default","site-content-layout":"","ast-site-content-layout":"default","site-content-style":"default","site-sidebar-style":"default","ast-global-header-display":"","ast-banner-title-visibility":"","ast-main-header-display":"","ast-hfb-above-header-display":"","ast-hfb-below-header-display":"","ast-hfb-mobile-header-display":"","site-post-title":"disabled","ast-breadcrumbs-content":"","ast-featured-img":"","footer-sml-layout":"","ast-disable-related-posts":"","theme-transparent-header-meta":"default","adv-header-id-meta":"","stick-header-meta":"","header-above-stick-meta":"","header-main-stick-meta":"","header-below-stick-meta":"","astra-migrate-meta-layouts":"default","ast-page-background-enabled":"default","ast-page-background-meta":{"desktop":{"background-color":"var(--ast-global-color-4)","background-image":"","background-repeat":"repeat","background-position":"center center","background-size":"auto","background-attachment":"scroll","background-type":"","background-media":"","overlay-type":"","overlay-color":"","overlay-opacity":"","overlay-gradient":""},"tablet":{"background-color":"","background-image":"","background-repeat":"repeat","background-position":"center center","background-size":"auto","background-attachment":"scroll","background-type":"","background-media":"","overlay-type":"","overlay-color":"","overlay-opacity":"","overlay-gradient":""},"mobile":{"background-color":"","background-image":"","background-repeat":"repeat","background-position":"center center","background-size":"auto","background-attachment":"scroll","background-type":"","background-media":"","overlay-type":"","overlay-color":"","overlay-opacity":"","overlay-gradient":""}},"ast-content-background-meta":{"desktop":{"background-color":"var(--ast-global-color-5)","background-image":"","background-repeat":"repeat","background-position":"center center","background-size":"auto","background-attachment":"scroll","background-type":"","background-media":"","overlay-type":"","overlay-color":"","overlay-opacity":"","overlay-gradient":""},"tablet":{"background-color":"var(--ast-global-color-5)","background-image":"","background-repeat":"repeat","background-position":"center center","background-size":"auto","background-attachment":"scroll","background-type":"","background-media":"","overlay-type":"","overlay-color":"","overlay-opacity":"","overlay-gradient":""},"mobile":{"background-color":"var(--ast-global-color-5)","background-image":"","background-repeat":"repeat","background-position":"center center","background-size":"auto","background-attachment":"scroll","background-type":"","background-media":"","overlay-type":"","overlay-color":"","overlay-opacity":"","overlay-gradient":""}},"footnotes":""},"class_list":["post-5012","page","type-page","status-publish","hentry"],"yoast_head":"<!-- This site is optimized with the Yoast SEO plugin v27.5 - https:\/\/yoast.com\/product\/yoast-seo-wordpress\/ -->\n<title>Impression du site web - Revolve Technologies<\/title>\n<meta name=\"robots\" content=\"noindex, nofollow\" \/>\n<meta property=\"og:locale\" content=\"fr_FR\" \/>\n<meta property=\"og:type\" content=\"article\" \/>\n<meta property=\"og:title\" content=\"Impression du site web - Revolve Technologies\" \/>\n<meta property=\"og:description\" content=\"Impression du site web\" \/>\n<meta property=\"og:url\" content=\"https:\/\/revolvetech.com\/fr\/impression-du-site-web\/\" \/>\n<meta property=\"og:site_name\" content=\"Revolve Technologies\" \/>\n<meta property=\"article:modified_time\" content=\"2025-01-24T16:24:33+00:00\" \/>\n<meta name=\"twitter:card\" content=\"summary_large_image\" \/>\n<script type=\"application\/ld+json\" class=\"yoast-schema-graph\">{\"@context\":\"https:\\\/\\\/schema.org\",\"@graph\":[{\"@type\":\"WebPage\",\"@id\":\"https:\\\/\\\/revolvetech.com\\\/fr\\\/impression-du-site-web\\\/\",\"url\":\"https:\\\/\\\/revolvetech.com\\\/fr\\\/impression-du-site-web\\\/\",\"name\":\"Impression du site web - Revolve Technologies\",\"isPartOf\":{\"@id\":\"https:\\\/\\\/revolvetech.com\\\/fr\\\/#website\"},\"datePublished\":\"2024-10-03T16:46:32+00:00\",\"dateModified\":\"2025-01-24T16:24:33+00:00\",\"breadcrumb\":{\"@id\":\"https:\\\/\\\/revolvetech.com\\\/fr\\\/impression-du-site-web\\\/#breadcrumb\"},\"inLanguage\":\"fr-FR\",\"potentialAction\":[{\"@type\":\"ReadAction\",\"target\":[\"https:\\\/\\\/revolvetech.com\\\/fr\\\/impression-du-site-web\\\/\"]}]},{\"@type\":\"BreadcrumbList\",\"@id\":\"https:\\\/\\\/revolvetech.com\\\/fr\\\/impression-du-site-web\\\/#breadcrumb\",\"itemListElement\":[{\"@type\":\"ListItem\",\"position\":1,\"name\":\"Home\",\"item\":\"https:\\\/\\\/revolvetech.com\\\/fr\\\/\"},{\"@type\":\"ListItem\",\"position\":2,\"name\":\"Impression du site web\"}]},{\"@type\":\"WebSite\",\"@id\":\"https:\\\/\\\/revolvetech.com\\\/fr\\\/#website\",\"url\":\"https:\\\/\\\/revolvetech.com\\\/fr\\\/\",\"name\":\"Revolve Technologies\",\"description\":\"Telecom procurement experts\",\"publisher\":{\"@id\":\"https:\\\/\\\/revolvetech.com\\\/fr\\\/#organization\"},\"potentialAction\":[{\"@type\":\"SearchAction\",\"target\":{\"@type\":\"EntryPoint\",\"urlTemplate\":\"https:\\\/\\\/revolvetech.com\\\/fr\\\/?s={search_term_string}\"},\"query-input\":{\"@type\":\"PropertyValueSpecification\",\"valueRequired\":true,\"valueName\":\"search_term_string\"}}],\"inLanguage\":\"fr-FR\"},{\"@type\":\"Organization\",\"@id\":\"https:\\\/\\\/revolvetech.com\\\/fr\\\/#organization\",\"name\":\"Revolve Technologies\",\"url\":\"https:\\\/\\\/revolvetech.com\\\/fr\\\/\",\"logo\":{\"@type\":\"ImageObject\",\"inLanguage\":\"fr-FR\",\"@id\":\"https:\\\/\\\/revolvetech.com\\\/fr\\\/#\\\/schema\\\/logo\\\/image\\\/\",\"url\":\"https:\\\/\\\/revolvetech.com\\\/wp-content\\\/uploads\\\/2023\\\/02\\\/Primary-lockup-3.png\",\"contentUrl\":\"https:\\\/\\\/revolvetech.com\\\/wp-content\\\/uploads\\\/2023\\\/02\\\/Primary-lockup-3.png\",\"width\":209,\"height\":64,\"caption\":\"Revolve Technologies\"},\"image\":{\"@id\":\"https:\\\/\\\/revolvetech.com\\\/fr\\\/#\\\/schema\\\/logo\\\/image\\\/\"}}]}<\/script>\n<!-- \/ Yoast SEO plugin. -->","yoast_head_json":{"title":"Impression du site web - Revolve Technologies","robots":{"index":"noindex","follow":"nofollow"},"og_locale":"fr_FR","og_type":"article","og_title":"Impression du site web - Revolve Technologies","og_description":"Impression du site web","og_url":"https:\/\/revolvetech.com\/fr\/impression-du-site-web\/","og_site_name":"Revolve Technologies","article_modified_time":"2025-01-24T16:24:33+00:00","twitter_card":"summary_large_image","schema":{"@context":"https:\/\/schema.org","@graph":[{"@type":"WebPage","@id":"https:\/\/revolvetech.com\/fr\/impression-du-site-web\/","url":"https:\/\/revolvetech.com\/fr\/impression-du-site-web\/","name":"Impression du site web - Revolve Technologies","isPartOf":{"@id":"https:\/\/revolvetech.com\/fr\/#website"},"datePublished":"2024-10-03T16:46:32+00:00","dateModified":"2025-01-24T16:24:33+00:00","breadcrumb":{"@id":"https:\/\/revolvetech.com\/fr\/impression-du-site-web\/#breadcrumb"},"inLanguage":"fr-FR","potentialAction":[{"@type":"ReadAction","target":["https:\/\/revolvetech.com\/fr\/impression-du-site-web\/"]}]},{"@type":"BreadcrumbList","@id":"https:\/\/revolvetech.com\/fr\/impression-du-site-web\/#breadcrumb","itemListElement":[{"@type":"ListItem","position":1,"name":"Home","item":"https:\/\/revolvetech.com\/fr\/"},{"@type":"ListItem","position":2,"name":"Impression du site web"}]},{"@type":"WebSite","@id":"https:\/\/revolvetech.com\/fr\/#website","url":"https:\/\/revolvetech.com\/fr\/","name":"Revolve Technologies","description":"Telecom procurement experts","publisher":{"@id":"https:\/\/revolvetech.com\/fr\/#organization"},"potentialAction":[{"@type":"SearchAction","target":{"@type":"EntryPoint","urlTemplate":"https:\/\/revolvetech.com\/fr\/?s={search_term_string}"},"query-input":{"@type":"PropertyValueSpecification","valueRequired":true,"valueName":"search_term_string"}}],"inLanguage":"fr-FR"},{"@type":"Organization","@id":"https:\/\/revolvetech.com\/fr\/#organization","name":"Revolve Technologies","url":"https:\/\/revolvetech.com\/fr\/","logo":{"@type":"ImageObject","inLanguage":"fr-FR","@id":"https:\/\/revolvetech.com\/fr\/#\/schema\/logo\/image\/","url":"https:\/\/revolvetech.com\/wp-content\/uploads\/2023\/02\/Primary-lockup-3.png","contentUrl":"https:\/\/revolvetech.com\/wp-content\/uploads\/2023\/02\/Primary-lockup-3.png","width":209,"height":64,"caption":"Revolve Technologies"},"image":{"@id":"https:\/\/revolvetech.com\/fr\/#\/schema\/logo\/image\/"}}]}},"_links":{"self":[{"href":"https:\/\/revolvetech.com\/fr\/wp-json\/wp\/v2\/pages\/5012","targetHints":{"allow":["GET"]}}],"collection":[{"href":"https:\/\/revolvetech.com\/fr\/wp-json\/wp\/v2\/pages"}],"about":[{"href":"https:\/\/revolvetech.com\/fr\/wp-json\/wp\/v2\/types\/page"}],"author":[{"embeddable":true,"href":"https:\/\/revolvetech.com\/fr\/wp-json\/wp\/v2\/users\/6"}],"replies":[{"embeddable":true,"href":"https:\/\/revolvetech.com\/fr\/wp-json\/wp\/v2\/comments?post=5012"}],"version-history":[{"count":1,"href":"https:\/\/revolvetech.com\/fr\/wp-json\/wp\/v2\/pages\/5012\/revisions"}],"predecessor-version":[{"id":5013,"href":"https:\/\/revolvetech.com\/fr\/wp-json\/wp\/v2\/pages\/5012\/revisions\/5013"}],"wp:attachment":[{"href":"https:\/\/revolvetech.com\/fr\/wp-json\/wp\/v2\/media?parent=5012"}],"curies":[{"name":"wp","href":"https:\/\/api.w.org\/{rel}","templated":true}]}}